{"id":15826,"date":"2023-12-22T02:35:07","date_gmt":"2023-12-22T02:35:07","guid":{"rendered":"https:\/\/esbsc.nilsreeh.de\/contact-us\/"},"modified":"2024-07-10T20:31:17","modified_gmt":"2024-07-10T20:31:17","slug":"contact-us","status":"publish","type":"page","link":"https:\/\/esbstudentconsulting.de\/en\/contact-us\/","title":{"rendered":"Contact us"},"content":{"rendered":"\t\t<div data-elementor-type=\"wp-page\" data-elementor-id=\"15826\" class=\"elementor elementor-15826 elementor-13258\">\n\t\t\t\t\t\t<section class=\"has_eae_slider elementor-section elementor-top-section elementor-element elementor-element-14c8db52 elementor-section-content-middle elementor-section-boxed elementor-section-height-default elementor-section-height-default\" data-eae-slider=\"35910\" data-id=\"14c8db52\" data-element_type=\"section\" data-e-type=\"section\" data-settings=\"{&quot;background_background&quot;:&quot;classic&quot;}\">\n\t\t\t\t\t\t<div class=\"elementor-container elementor-column-gap-default\">\n\t\t\t\t\t<div class=\"has_eae_slider elementor-column elementor-col-66 elementor-top-column elementor-element elementor-element-41395e24\" data-eae-slider=\"1215\" data-id=\"41395e24\" data-element_type=\"column\" data-e-type=\"column\">\n\t\t\t<div class=\"elementor-widget-wrap elementor-element-populated\">\n\t\t\t\t\t\t<div class=\"elementor-element elementor-element-6435865e elementor-widget elementor-widget-hub_fancy_heading\" data-id=\"6435865e\" data-element_type=\"widget\" data-e-type=\"widget\" data-widget_type=\"hub_fancy_heading.default\">\n\t\t\t\t<div class=\"elementor-widget-container\">\n\t\t\t\t\t\n\t\t<div id=\"ld-fancy-heading-69d6df5e97abc\" class=\"ld-fancy-heading pos-rel\">\n\t\t\t<h1 class=\"ld-fh-element d-inline-block pos-rel  elementor-heading-title lqd-highlight-classic lqd-highlight-grow-left h1\"  > We look forward to hearing from you!<\/h1>\t\t<\/div>\n\n\t\t\t\t\t\t<\/div>\n\t\t\t\t<\/div>\n\t\t\t\t\t<\/div>\n\t\t<\/div>\n\t\t\t\t<div class=\"has_eae_slider elementor-column elementor-col-33 elementor-top-column elementor-element elementor-element-2d710e89\" data-eae-slider=\"21778\" data-id=\"2d710e89\" data-element_type=\"column\" data-e-type=\"column\">\n\t\t\t<div class=\"elementor-widget-wrap elementor-element-populated\">\n\t\t\t\t\t\t<div class=\"elementor-element elementor-element-1e248fec elementor-widget elementor-widget-hub_fancy_heading\" data-id=\"1e248fec\" data-element_type=\"widget\" data-e-type=\"widget\" data-widget_type=\"hub_fancy_heading.default\">\n\t\t\t\t<div class=\"elementor-widget-container\">\n\t\t\t\t\t\n\t\t<div id=\"ld-fancy-heading-69d6df5e98b8c\" class=\"ld-fancy-heading pos-rel\">\n\t\t\t<p class=\"ld-fh-element d-inline-block pos-rel  lqd-highlight-classic lqd-highlight-grow-left p\"  > We will answer your request as quickly as possible.\n<\/p>\t\t<\/div>\n\n\t\t\t\t\t\t<\/div>\n\t\t\t\t<\/div>\n\t\t\t\t\t<\/div>\n\t\t<\/div>\n\t\t\t\t\t<\/div>\n\t\t<\/section>\n\t\t\t\t<section class=\"has_eae_slider elementor-section elementor-top-section elementor-element elementor-element-64ed3997 elementor-section-boxed elementor-section-height-default elementor-section-height-default\" data-eae-slider=\"58285\" data-id=\"64ed3997\" data-element_type=\"section\" data-e-type=\"section\">\n\t\t\t\t\t\t<div class=\"elementor-container elementor-column-gap-no\">\n\t\t\t\t\t<div class=\"has_eae_slider elementor-column elementor-col-100 elementor-top-column elementor-element elementor-element-791b46c7\" data-eae-slider=\"20123\" data-id=\"791b46c7\" data-element_type=\"column\" data-e-type=\"column\">\n\t\t\t<div class=\"elementor-widget-wrap elementor-element-populated\">\n\t\t\t\t\t\t<section class=\"has_eae_slider elementor-section elementor-inner-section elementor-element elementor-element-125be158 elementor-section-boxed elementor-section-height-default elementor-section-height-default\" data-eae-slider=\"49666\" data-id=\"125be158\" data-element_type=\"section\" data-e-type=\"section\" data-settings=\"{&quot;background_background&quot;:&quot;classic&quot;}\">\n\t\t\t\t\t\t<div class=\"elementor-container elementor-column-gap-default\">\n\t\t\t\t\t<div class=\"has_eae_slider elementor-column elementor-col-100 elementor-inner-column elementor-element elementor-element-3ed24f0a\" data-eae-slider=\"74397\" data-id=\"3ed24f0a\" data-element_type=\"column\" data-e-type=\"column\">\n\t\t\t<div class=\"elementor-widget-wrap elementor-element-populated\">\n\t\t\t\t\t\t<div class=\"elementor-element elementor-element-6a751c0 elementor-widget elementor-widget-hub_fancy_heading\" data-id=\"6a751c0\" data-element_type=\"widget\" data-e-type=\"widget\" data-widget_type=\"hub_fancy_heading.default\">\n\t\t\t\t<div class=\"elementor-widget-container\">\n\t\t\t\t\t\n\t\t<div id=\"ld-fancy-heading-69d6df5e999ee\" class=\"ld-fancy-heading pos-rel\">\n\t\t\t<h2 class=\"ld-fh-element d-inline-block pos-rel  elementor-heading-title lqd-highlight-classic lqd-highlight-grow-left h2\"  > Get in touch with us!\n<\/h2>\t\t<\/div>\n\n\t\t\t\t\t\t<\/div>\n\t\t\t\t<\/div>\n\t\t\t\t\t<\/div>\n\t\t<\/div>\n\t\t\t\t<div class=\"has_eae_slider elementor-column elementor-col-100 elementor-inner-column elementor-element elementor-element-ca906f\" data-eae-slider=\"31124\" data-id=\"ca906f\" data-element_type=\"column\" data-e-type=\"column\">\n\t\t\t<div class=\"elementor-widget-wrap elementor-element-populated\">\n\t\t\t\t\t\t<div class=\"elementor-element elementor-element-4e7610f3 elementor-widget elementor-widget-image\" data-id=\"4e7610f3\" data-element_type=\"widget\" data-e-type=\"widget\" data-widget_type=\"image.default\">\n\t\t\t\t<div class=\"elementor-widget-container\">\n\t\t\t\t\t\t\t\t\t\t\t\t\t\t\t<img fetchpriority=\"high\" decoding=\"async\" width=\"540\" height=\"296\" src=\"https:\/\/esbstudentconsulting.de\/wp-content\/uploads\/2023\/12\/ESBSC-logo-2023-color.svg\" class=\"attachment-full size-full wp-image-15645\" alt=\"\" \/>\t\t\t\t\t\t\t\t\t\t\t\t\t\t\t<\/div>\n\t\t\t\t<\/div>\n\t\t\t\t\t<\/div>\n\t\t<\/div>\n\t\t\t\t<div class=\"has_eae_slider elementor-column elementor-col-100 elementor-inner-column elementor-element elementor-element-5f56593f\" data-eae-slider=\"83406\" data-id=\"5f56593f\" data-element_type=\"column\" data-e-type=\"column\">\n\t\t\t<div class=\"elementor-widget-wrap elementor-element-populated\">\n\t\t\t\t\t\t<div class=\"elementor-element elementor-element-3a865e8 elementor-widget elementor-widget-ld_cf722\" data-id=\"3a865e8\" data-element_type=\"widget\" data-e-type=\"widget\" data-widget_type=\"ld_cf722.default\">\n\t\t\t\t<div class=\"elementor-widget-container\">\n\t\t\t\t\t\n\t<div class=\"lqd-contact-form   lqd-contact-form-inputs-round lqd-contact-form-button-block  lqd-contact-form-button-lg lqd-contact-form-button-round lqd-contact-form-button-border-none lqd-contact-form-inputs-lg\">\n\t\t\n<div class=\"wpcf7 no-js\" id=\"wpcf7-f13489-o1\" lang=\"de-DE\" dir=\"ltr\" data-wpcf7-id=\"13489\">\n<div class=\"screen-reader-response\"><p role=\"status\" aria-live=\"polite\" aria-atomic=\"true\"><\/p> <ul><\/ul><\/div>\n<form action=\"\/en\/wp-json\/wp\/v2\/pages\/15826#wpcf7-f13489-o1\" method=\"post\" class=\"wpcf7-form init\" aria-label=\"Kontaktformular\" novalidate=\"novalidate\" data-status=\"init\">\n<fieldset class=\"hidden-fields-container\"><input type=\"hidden\" name=\"_wpcf7\" value=\"13489\" \/><input type=\"hidden\" name=\"_wpcf7_version\" value=\"6.1.5\" \/><input type=\"hidden\" name=\"_wpcf7_locale\" value=\"de_DE\" \/><input type=\"hidden\" name=\"_wpcf7_unit_tag\" value=\"wpcf7-f13489-o1\" \/><input type=\"hidden\" name=\"_wpcf7_container_post\" value=\"0\" \/><input type=\"hidden\" name=\"_wpcf7_posted_data_hash\" value=\"\" \/>\n<\/fieldset>\n<p><label> Vorname (Pflichtfeld)<br \/>\n<span class=\"wpcf7-form-control-wrap\" data-name=\"your-firstname\"><input size=\"40\" maxlength=\"400\" class=\"wpcf7-form-control wpcf7-text wpcf7-validates-as-required\" aria-required=\"true\" aria-invalid=\"false\" value=\"\" type=\"text\" name=\"your-firstname\" \/><\/span> <\/label>\n<\/p>\n<p><label> Nachname (Pflichtfeld)<br \/>\n<span class=\"wpcf7-form-control-wrap\" data-name=\"your-lastname\"><input size=\"40\" maxlength=\"400\" class=\"wpcf7-form-control wpcf7-text wpcf7-validates-as-required\" aria-required=\"true\" aria-invalid=\"false\" value=\"\" type=\"text\" name=\"your-lastname\" \/><\/span> <\/label>\n<\/p>\n<p><label> Organisation (Optional)<br \/>\n<span class=\"wpcf7-form-control-wrap\" data-name=\"your-organization\"><input size=\"40\" maxlength=\"400\" class=\"wpcf7-form-control wpcf7-text\" aria-invalid=\"false\" value=\"\" type=\"text\" name=\"your-organization\" \/><\/span> <\/label>\n<\/p>\n<p><label> E-Mail-Adresse (Pflichtfeld)<br \/>\n<span class=\"wpcf7-form-control-wrap\" data-name=\"your-email\"><input size=\"40\" maxlength=\"400\" class=\"wpcf7-form-control wpcf7-email wpcf7-validates-as-required wpcf7-text wpcf7-validates-as-email\" aria-required=\"true\" aria-invalid=\"false\" value=\"\" type=\"email\" name=\"your-email\" \/><\/span> <\/label>\n<\/p>\n<p><label> Telefonnummer (Optional)<br \/>\n<span class=\"wpcf7-form-control-wrap\" data-name=\"your-tel\"><input size=\"40\" maxlength=\"400\" class=\"wpcf7-form-control wpcf7-tel wpcf7-text wpcf7-validates-as-tel\" aria-invalid=\"false\" value=\"\" type=\"tel\" name=\"your-tel\" \/><\/span> <\/label>\n<\/p>\n<p><span id=\"wpcf7-69d6df5e9f380-wrapper\" class=\"wpcf7-form-control-wrap E-Mail-wrap\" style=\"display:none !important; visibility:hidden !important;\"><input type=\"hidden\" name=\"E-Mail-time-start\" value=\"1775689566\"><input type=\"hidden\" name=\"E-Mail-time-check\" value=\"10\"><label for=\"wpcf7-69d6df5e9f380-field\" class=\"hp-message\">Bitte lasse dieses Feld leer.<\/label><input id=\"wpcf7-69d6df5e9f380-field\"  class=\"wpcf7-form-control wpcf7-text\" type=\"text\" name=\"E-Mail\" value=\"\" size=\"40\" tabindex=\"-1\" autocomplete=\"new-password\" \/><\/span>\n<\/p>\n<p><label> Betreff (Pflichtfeld)<br \/>\n<span class=\"wpcf7-form-control-wrap\" data-name=\"your-subject\"><input size=\"40\" maxlength=\"400\" class=\"wpcf7-form-control wpcf7-text wpcf7-validates-as-required\" aria-required=\"true\" aria-invalid=\"false\" value=\"\" type=\"text\" name=\"your-subject\" \/><\/span> <\/label>\n<\/p>\n<p><label> Ihre Nachricht (Pflichtfeld)<br \/>\n<span class=\"wpcf7-form-control-wrap\" data-name=\"your-message\"><textarea cols=\"40\" rows=\"10\" maxlength=\"2000\" class=\"wpcf7-form-control wpcf7-textarea wpcf7-validates-as-required\" aria-required=\"true\" aria-invalid=\"false\" name=\"your-message\"><\/textarea><\/span> <\/label>\n<\/p>\n<p class=\"Datenschutzerkl\u00e4rung\"><br \/>\nDatenschutzerkl\u00e4rung (Pflichtfeld):<br \/>\n<span class=\"wpcf7-form-control-wrap\" data-name=\"DSGVO\"><span class=\"wpcf7-form-control wpcf7-acceptance\"><span class=\"wpcf7-list-item\"><label><input type=\"checkbox\" name=\"DSGVO\" value=\"1\" aria-invalid=\"false\" \/><span class=\"wpcf7-list-item-label\"><p> Ich habe die <a href=\"https:\/\/esbstudentconsulting.de\/datenschutzerklaerung\/\" target=\"_blank\">Datenschutzerkl\u00e4rung<\/a> gelesen und verstanden und stimme der \u00dcbertragung und Verarbeitung der eingetragenen Daten entsprechend der Datenschutzerkl\u00e4rung zu. <\/p><\/span><\/label><\/span><\/span><\/span>\n<\/p>\n<p><input class=\"wpcf7-form-control wpcf7-submit has-spinner\" type=\"submit\" value=\"Senden\" \/>\n<\/p><div class=\"wpcf7-response-output\" aria-hidden=\"true\"><\/div>\n<\/form>\n<\/div>\n\t<\/div>\n\n\t\t\t\t\t<\/div>\n\t\t\t\t<\/div>\n\t\t\t\t\t<\/div>\n\t\t<\/div>\n\t\t\t\t\t<\/div>\n\t\t<\/section>\n\t\t\t\t\t<\/div>\n\t\t<\/div>\n\t\t\t\t\t<\/div>\n\t\t<\/section>\n\t\t\t\t<\/div>\n\t\t","protected":false},"excerpt":{"rendered":"<p>We look forward to hearing from you! We will answer your request as quickly as possible. Get in touch with us! Vorname (Pflichtfeld) Nachname (Pflichtfeld) Organisation (Optional) E-Mail-Adresse (Pflichtfeld) Telefonnummer (Optional) Please leave this field empty. Betreff (Pflichtfeld) Ihre Nachricht (Pflichtfeld) Datenschutzerkl\u00e4rung (Pflichtfeld): Ich habe die Datenschutzerkl\u00e4rung gelesen und verstanden und stimme der \u00dcbertragung und [&hellip;]<\/p>\n","protected":false},"author":1,"featured_media":0,"parent":0,"menu_order":0,"comment_status":"closed","ping_status":"closed","template":"","meta":{"footnotes":""},"class_list":["post-15826","page","type-page","status-publish","hentry"],"yoast_head":"<!-- This site is optimized with the Yoast SEO plugin v27.3 - https:\/\/yoast.com\/product\/yoast-seo-wordpress\/ -->\n<title>Contact us - ESB Student Consulting e.V.<\/title>\n<meta name=\"robots\" content=\"index, follow, max-snippet:-1, max-image-preview:large, max-video-preview:-1\" \/>\n<link rel=\"canonical\" href=\"https:\/\/esbstudentconsulting.de\/en\/contact-us\/\" \/>\n<meta property=\"og:locale\" content=\"en_US\" \/>\n<meta property=\"og:type\" content=\"article\" \/>\n<meta property=\"og:title\" content=\"Contact us - ESB Student Consulting e.V.\" \/>\n<meta property=\"og:description\" content=\"We look forward to hearing from you! We will answer your request as quickly as possible. Get in touch with us! Vorname (Pflichtfeld) Nachname (Pflichtfeld) Organisation (Optional) E-Mail-Adresse (Pflichtfeld) Telefonnummer (Optional) Please leave this field empty. Betreff (Pflichtfeld) Ihre Nachricht (Pflichtfeld) Datenschutzerkl\u00e4rung (Pflichtfeld): Ich habe die Datenschutzerkl\u00e4rung gelesen und verstanden und stimme der \u00dcbertragung und [&hellip;]\" \/>\n<meta property=\"og:url\" content=\"https:\/\/esbstudentconsulting.de\/en\/contact-us\/\" \/>\n<meta property=\"og:site_name\" content=\"ESB Student Consulting e.V.\" \/>\n<meta property=\"article:modified_time\" content=\"2024-07-10T20:31:17+00:00\" \/>\n<meta property=\"og:image\" content=\"https:\/\/esbsc.nilsreeh.de\/wp-content\/uploads\/2023\/12\/ESBSC-logo-2023-color.svg\" \/>\n<meta name=\"twitter:card\" content=\"summary_large_image\" \/>\n<script type=\"application\/ld+json\" class=\"yoast-schema-graph\">{\"@context\":\"https:\\\/\\\/schema.org\",\"@graph\":[{\"@type\":\"WebPage\",\"@id\":\"https:\\\/\\\/esbstudentconsulting.de\\\/en\\\/contact-us\\\/\",\"url\":\"https:\\\/\\\/esbstudentconsulting.de\\\/en\\\/contact-us\\\/\",\"name\":\"Contact us - ESB Student Consulting e.V.\",\"isPartOf\":{\"@id\":\"https:\\\/\\\/esbsc.nilsreeh.de\\\/#website\"},\"primaryImageOfPage\":{\"@id\":\"https:\\\/\\\/esbstudentconsulting.de\\\/en\\\/contact-us\\\/#primaryimage\"},\"image\":{\"@id\":\"https:\\\/\\\/esbstudentconsulting.de\\\/en\\\/contact-us\\\/#primaryimage\"},\"thumbnailUrl\":\"https:\\\/\\\/esbstudentconsulting.de\\\/wp-content\\\/uploads\\\/2023\\\/12\\\/ESBSC-logo-2023-color.svg\",\"datePublished\":\"2023-12-22T02:35:07+00:00\",\"dateModified\":\"2024-07-10T20:31:17+00:00\",\"breadcrumb\":{\"@id\":\"https:\\\/\\\/esbstudentconsulting.de\\\/en\\\/contact-us\\\/#breadcrumb\"},\"inLanguage\":\"en-US\",\"potentialAction\":[{\"@type\":\"ReadAction\",\"target\":[\"https:\\\/\\\/esbstudentconsulting.de\\\/en\\\/contact-us\\\/\"]}]},{\"@type\":\"ImageObject\",\"inLanguage\":\"en-US\",\"@id\":\"https:\\\/\\\/esbstudentconsulting.de\\\/en\\\/contact-us\\\/#primaryimage\",\"url\":\"https:\\\/\\\/esbstudentconsulting.de\\\/wp-content\\\/uploads\\\/2023\\\/12\\\/ESBSC-logo-2023-color.svg\",\"contentUrl\":\"https:\\\/\\\/esbstudentconsulting.de\\\/wp-content\\\/uploads\\\/2023\\\/12\\\/ESBSC-logo-2023-color.svg\"},{\"@type\":\"BreadcrumbList\",\"@id\":\"https:\\\/\\\/esbstudentconsulting.de\\\/en\\\/contact-us\\\/#breadcrumb\",\"itemListElement\":[{\"@type\":\"ListItem\",\"position\":1,\"name\":\"Startseite\",\"item\":\"https:\\\/\\\/esbsc.nilsreeh.de\\\/en\\\/\"},{\"@type\":\"ListItem\",\"position\":2,\"name\":\"Contact us\"}]},{\"@type\":\"WebSite\",\"@id\":\"https:\\\/\\\/esbsc.nilsreeh.de\\\/#website\",\"url\":\"https:\\\/\\\/esbsc.nilsreeh.de\\\/\",\"name\":\"ESB Student Consulting e.V.\",\"description\":\"Die studentische Unternehmensberatung der Hochschule Reutlingen\",\"potentialAction\":[{\"@type\":\"SearchAction\",\"target\":{\"@type\":\"EntryPoint\",\"urlTemplate\":\"https:\\\/\\\/esbsc.nilsreeh.de\\\/?s={search_term_string}\"},\"query-input\":{\"@type\":\"PropertyValueSpecification\",\"valueRequired\":true,\"valueName\":\"search_term_string\"}}],\"inLanguage\":\"en-US\"}]}<\/script>\n<!-- \/ Yoast SEO plugin. -->","yoast_head_json":{"title":"Contact us - ESB Student Consulting e.V.","robots":{"index":"index","follow":"follow","max-snippet":"max-snippet:-1","max-image-preview":"max-image-preview:large","max-video-preview":"max-video-preview:-1"},"canonical":"https:\/\/esbstudentconsulting.de\/en\/contact-us\/","og_locale":"en_US","og_type":"article","og_title":"Contact us - ESB Student Consulting e.V.","og_description":"We look forward to hearing from you! We will answer your request as quickly as possible. Get in touch with us! Vorname (Pflichtfeld) Nachname (Pflichtfeld) Organisation (Optional) E-Mail-Adresse (Pflichtfeld) Telefonnummer (Optional) Please leave this field empty. Betreff (Pflichtfeld) Ihre Nachricht (Pflichtfeld) Datenschutzerkl\u00e4rung (Pflichtfeld): Ich habe die Datenschutzerkl\u00e4rung gelesen und verstanden und stimme der \u00dcbertragung und [&hellip;]","og_url":"https:\/\/esbstudentconsulting.de\/en\/contact-us\/","og_site_name":"ESB Student Consulting e.V.","article_modified_time":"2024-07-10T20:31:17+00:00","og_image":[{"url":"https:\/\/esbsc.nilsreeh.de\/wp-content\/uploads\/2023\/12\/ESBSC-logo-2023-color.svg","type":"","width":"","height":""}],"twitter_card":"summary_large_image","schema":{"@context":"https:\/\/schema.org","@graph":[{"@type":"WebPage","@id":"https:\/\/esbstudentconsulting.de\/en\/contact-us\/","url":"https:\/\/esbstudentconsulting.de\/en\/contact-us\/","name":"Contact us - ESB Student Consulting e.V.","isPartOf":{"@id":"https:\/\/esbsc.nilsreeh.de\/#website"},"primaryImageOfPage":{"@id":"https:\/\/esbstudentconsulting.de\/en\/contact-us\/#primaryimage"},"image":{"@id":"https:\/\/esbstudentconsulting.de\/en\/contact-us\/#primaryimage"},"thumbnailUrl":"https:\/\/esbstudentconsulting.de\/wp-content\/uploads\/2023\/12\/ESBSC-logo-2023-color.svg","datePublished":"2023-12-22T02:35:07+00:00","dateModified":"2024-07-10T20:31:17+00:00","breadcrumb":{"@id":"https:\/\/esbstudentconsulting.de\/en\/contact-us\/#breadcrumb"},"inLanguage":"en-US","potentialAction":[{"@type":"ReadAction","target":["https:\/\/esbstudentconsulting.de\/en\/contact-us\/"]}]},{"@type":"ImageObject","inLanguage":"en-US","@id":"https:\/\/esbstudentconsulting.de\/en\/contact-us\/#primaryimage","url":"https:\/\/esbstudentconsulting.de\/wp-content\/uploads\/2023\/12\/ESBSC-logo-2023-color.svg","contentUrl":"https:\/\/esbstudentconsulting.de\/wp-content\/uploads\/2023\/12\/ESBSC-logo-2023-color.svg"},{"@type":"BreadcrumbList","@id":"https:\/\/esbstudentconsulting.de\/en\/contact-us\/#breadcrumb","itemListElement":[{"@type":"ListItem","position":1,"name":"Startseite","item":"https:\/\/esbsc.nilsreeh.de\/en\/"},{"@type":"ListItem","position":2,"name":"Contact us"}]},{"@type":"WebSite","@id":"https:\/\/esbsc.nilsreeh.de\/#website","url":"https:\/\/esbsc.nilsreeh.de\/","name":"ESB Student Consulting e.V.","description":"Die studentische Unternehmensberatung der Hochschule Reutlingen","potentialAction":[{"@type":"SearchAction","target":{"@type":"EntryPoint","urlTemplate":"https:\/\/esbsc.nilsreeh.de\/?s={search_term_string}"},"query-input":{"@type":"PropertyValueSpecification","valueRequired":true,"valueName":"search_term_string"}}],"inLanguage":"en-US"}]}},"_links":{"self":[{"href":"https:\/\/esbstudentconsulting.de\/en\/wp-json\/wp\/v2\/pages\/15826","targetHints":{"allow":["GET"]}}],"collection":[{"href":"https:\/\/esbstudentconsulting.de\/en\/wp-json\/wp\/v2\/pages"}],"about":[{"href":"https:\/\/esbstudentconsulting.de\/en\/wp-json\/wp\/v2\/types\/page"}],"author":[{"embeddable":true,"href":"https:\/\/esbstudentconsulting.de\/en\/wp-json\/wp\/v2\/users\/1"}],"replies":[{"embeddable":true,"href":"https:\/\/esbstudentconsulting.de\/en\/wp-json\/wp\/v2\/comments?post=15826"}],"version-history":[{"count":1,"href":"https:\/\/esbstudentconsulting.de\/en\/wp-json\/wp\/v2\/pages\/15826\/revisions"}],"predecessor-version":[{"id":15828,"href":"https:\/\/esbstudentconsulting.de\/en\/wp-json\/wp\/v2\/pages\/15826\/revisions\/15828"}],"wp:attachment":[{"href":"https:\/\/esbstudentconsulting.de\/en\/wp-json\/wp\/v2\/media?parent=15826"}],"curies":[{"name":"wp","href":"https:\/\/api.w.org\/{rel}","templated":true}]}}